{"id":2013,"date":"2020-05-28T09:01:05","date_gmt":"2020-05-28T09:01:05","guid":{"rendered":"https:\/\/www.funsportwelt.de\/?page_id=2013"},"modified":"2023-03-22T12:48:25","modified_gmt":"2023-03-22T12:48:25","slug":"luna-skates","status":"publish","type":"page","link":"https:\/\/www.funsportwelt.de\/fr\/luna-skates\/","title":{"rendered":"Luna Skates"},"content":{"rendered":"\t\t<div data-elementor-type=\"wp-page\" data-elementor-id=\"2013\" class=\"elementor elementor-2013 elementor-1220\" data-elementor-post-type=\"page\">\n\t\t\t\t\t\t<section class=\"elementor-section elementor-top-section elementor-element elementor-element-844d7b0 elementor-section-boxed elementor-section-height-default elementor-section-height-default\" data-id=\"844d7b0\" data-element_type=\"section\" data-e-type=\"section\">\n\t\t\t\t\t\t<div class=\"elementor-container elementor-column-gap-default\">\n\t\t\t\t\t<div class=\"elementor-column elementor-col-100 elementor-top-column elementor-element elementor-element-7b9a900\" data-id=\"7b9a900\" data-element_type=\"column\" data-e-type=\"column\">\n\t\t\t<div class=\"elementor-widget-wrap\">\n\t\t\t\t\t\t\t<\/div>\n\t\t<\/div>\n\t\t\t\t\t<\/div>\n\t\t<\/section>\n\t\t\t\t<section class=\"elementor-section elementor-top-section elementor-element elementor-element-109ee68 elementor-section-content-middle elementor-reverse-mobile elementor-section-boxed elementor-section-height-default elementor-section-height-default\" data-id=\"109ee68\" data-element_type=\"section\" data-e-type=\"section\">\n\t\t\t\t\t\t<div class=\"elementor-container elementor-column-gap-no\">\n\t\t\t\t\t<div class=\"elementor-column elementor-col-50 elementor-top-column elementor-element elementor-element-696b7d3\" data-id=\"696b7d3\" data-element_type=\"column\" data-e-type=\"column\">\n\t\t\t<div class=\"elementor-widget-wrap elementor-element-populated\">\n\t\t\t\t\t\t<div class=\"elementor-element elementor-element-9693020 elementor-widget elementor-widget-text-editor\" data-id=\"9693020\" data-element_type=\"widget\" data-e-type=\"widget\" data-widget_type=\"text-editor.default\">\n\t\t\t\t<div class=\"elementor-widget-container\">\n\t\t\t\t\t\t\t\t\t<p>fait \u00e0 la main en cuir de haute qualit\u00e9<\/p>\t\t\t\t\t\t\t\t<\/div>\n\t\t\t\t<\/div>\n\t\t\t\t<div class=\"elementor-element elementor-element-c4b3a57 elementor-widget elementor-widget-image\" data-id=\"c4b3a57\" data-element_type=\"widget\" data-e-type=\"widget\" data-widget_type=\"image.default\">\n\t\t\t\t<div class=\"elementor-widget-container\">\n\t\t\t\t\t\t\t\t\t\t\t\t\t\t\t<img decoding=\"async\" width=\"300\" height=\"126\" src=\"https:\/\/www.funsportwelt.de\/wp-content\/uploads\/2020\/03\/luna_skates_logo-01-white-300x126.png\" class=\"attachment-medium size-medium wp-image-1895\" alt=\"\" srcset=\"https:\/\/www.funsportwelt.de\/wp-content\/uploads\/2020\/03\/luna_skates_logo-01-white-300x126.png 300w, https:\/\/www.funsportwelt.de\/wp-content\/uploads\/2020\/03\/luna_skates_logo-01-white-768x323.png 768w, https:\/\/www.funsportwelt.de\/wp-content\/uploads\/2020\/03\/luna_skates_logo-01-white-1024x431.png 1024w, https:\/\/www.funsportwelt.de\/wp-content\/uploads\/2020\/03\/luna_skates_logo-01-white.png 1135w\" sizes=\"(max-width: 300px) 100vw, 300px\" \/>\t\t\t\t\t\t\t\t\t\t\t\t\t\t\t<\/div>\n\t\t\t\t<\/div>\n\t\t\t\t<div class=\"elementor-element elementor-element-30a4ee5 elementor-widget elementor-widget-text-editor\" data-id=\"30a4ee5\" data-element_type=\"widget\" data-e-type=\"widget\" data-widget_type=\"text-editor.default\">\n\t\t\t\t<div class=\"elementor-widget-container\">\n\t\t\t\t\t\t\t\t\t<h4 style=\"text-align: left;\">Luna Skates : patins \u00e0 roulettes de haute qualit\u00e9 de Hambourg\/Allemagne<\/h4><p>LUNA SKATES est une marque renomm\u00e9e de Hambourg qui s&rsquo;est sp\u00e9cialis\u00e9e dans la fabrication de patins \u00e0 roulettes et d&rsquo;accessoires pour patins \u00e0 roulettes de haute qualit\u00e9. En combinant un design moderne, une finition de premi\u00e8re classe et l&rsquo;utilisation de mat\u00e9riaux de haute qualit\u00e9, LUNA SKATES s&rsquo;est \u00e9tablie comme l&rsquo;une des marques leaders dans le domaine des patins \u00e0 roulettes.<\/p><p>Con\u00e7us \u00e0 Hambourg, les patins \u00e0 roulettes de LUNA SKATES convainquent par leur durabilit\u00e9, leur confort et leur style. La marque attache une grande importance \u00e0 la satisfaction de ses clients et propose une large gamme de mod\u00e8les et de designs qui conviennent aussi bien aux d\u00e9butants qu&rsquo;aux patineurs confirm\u00e9s.<\/p><p>Les patins \u00e0 roulettes de <a href=\"https:\/\/www.luna-skates.de\/en\/\" target=\"_blank\" rel=\"noopener\">LUNA SKATES<\/a> se distinguent par un excellent chaussant et une grande stabilit\u00e9, qui garantissent une sensation de conduite agr\u00e9able et une s\u00e9curit\u00e9 optimale. La marque utilise des mat\u00e9riaux de haute qualit\u00e9 tels que le cuir, l&rsquo;aluminium et le polyur\u00e9thane pour fabriquer des patins \u00e0 roulettes durables et confortables.<\/p><p>La gamme de produits de LUNA SKATES comprend aussi bien des patins \u00e0 roulettes classiques que des designs modernes qui correspondent aux tendances actuelles. Disponibles en diff\u00e9rentes couleurs et tailles, les patins \u00e0 roulettes de LUNA SKATES offrent \u00e0 chacun la possibilit\u00e9 d&rsquo;exprimer son style personnel et de vivre des moments uniques en patinant.<\/p><p>Outre les patins \u00e0 roulettes, LUNA SKATES propose \u00e9galement une s\u00e9lection d&rsquo;accessoires tels que des roulettes de qualit\u00e9, des sacs et des pi\u00e8ces de rechange. Les clients peuvent donc \u00eatre s\u00fbrs de trouver chez LUNA SKATES tout ce dont ils ont besoin pour vivre une exp\u00e9rience de patinage \u00e0 roulettes inoubliable.<\/p><p>En tant qu&rsquo;entreprise hambourgeoise, LUNA SKATES accorde une importance particuli\u00e8re \u00e0 une production respectueuse de l&rsquo;environnement et \u00e0 des mat\u00e9riaux durables. La marque contribue ainsi \u00e0 r\u00e9duire son empreinte \u00e9cologique et \u00e0 utiliser les ressources naturelles de mani\u00e8re responsable.<\/p><p>LUNA SKATES s&rsquo;engage \u00e9galement aupr\u00e8s de la communaut\u00e9 du roller en soutenant des \u00e9v\u00e9nements, des ateliers et des comp\u00e9titions afin d&rsquo;encourager l&rsquo;int\u00e9r\u00eat pour le roller et de d\u00e9couvrir de nouveaux talents.<\/p><p>En r\u00e9sum\u00e9, LUNA SKATES de Hambourg offre une combinaison impressionnante de qualit\u00e9, de style et de durabilit\u00e9. La marque s&rsquo;est donn\u00e9 pour mission d&rsquo;offrir \u00e0 chacun la possibilit\u00e9 de profiter de patins \u00e0 roulettes de haute qualit\u00e9 et de faciliter ainsi l&rsquo;acc\u00e8s \u00e0 ce sport fascinant.<\/p><p>Visitez le site web de LUNA SKATES ou l&rsquo;un de ses <a href=\"https:\/\/www.funsportwelt.de\/fr\/local-shop\/\">revendeurs<\/a> agr\u00e9\u00e9s pour en savoir plus sur sa gamme vari\u00e9e de produits et sur les derni\u00e8res tendances en mati\u00e8re de patins \u00e0 roulettes. Que vous soyez d\u00e9butant ou patineur \u00e0 roulettes exp\u00e9riment\u00e9.<\/p>\t\t\t\t\t\t\t\t<\/div>\n\t\t\t\t<\/div>\n\t\t\t\t<div class=\"elementor-element elementor-element-31630a5 elementor-shape-circle elementor-grid-0 e-grid-align-center elementor-widget elementor-widget-social-icons\" data-id=\"31630a5\" data-element_type=\"widget\" data-e-type=\"widget\" data-widget_type=\"social-icons.default\">\n\t\t\t\t<div class=\"elementor-widget-container\">\n\t\t\t\t\t\t\t<div class=\"elementor-social-icons-wrapper elementor-grid\" role=\"list\">\n\t\t\t\t\t\t\t<span class=\"elementor-grid-item\" role=\"listitem\">\n\t\t\t\t\t<a class=\"elementor-icon elementor-social-icon elementor-social-icon-facebook elementor-repeater-item-3f44262\" href=\"https:\/\/www.facebook.com\/LunaSkatesOfficial\/\" target=\"_blank\" rel=\"noopener\">\n\t\t\t\t\t\t<span class=\"elementor-screen-only\">Facebook<\/span>\n\t\t\t\t\t\t<i aria-hidden=\"true\" class=\"fab fa-facebook\"><\/i>\t\t\t\t\t<\/a>\n\t\t\t\t<\/span>\n\t\t\t\t\t\t\t<span class=\"elementor-grid-item\" role=\"listitem\">\n\t\t\t\t\t<a class=\"elementor-icon elementor-social-icon elementor-social-icon-instagram elementor-repeater-item-068afc1\" href=\"https:\/\/www.instagram.com\/lunaskatesofficial\/\" target=\"_blank\" rel=\"noopener\">\n\t\t\t\t\t\t<span class=\"elementor-screen-only\">Instagram<\/span>\n\t\t\t\t\t\t<i aria-hidden=\"true\" class=\"fab fa-instagram\"><\/i>\t\t\t\t\t<\/a>\n\t\t\t\t<\/span>\n\t\t\t\t\t\t\t<span class=\"elementor-grid-item\" role=\"listitem\">\n\t\t\t\t\t<a class=\"elementor-icon elementor-social-icon elementor-social-icon-youtube elementor-repeater-item-9883bde\" href=\"https:\/\/www.youtube.com\/channel\/UCUGSp5YHuIaC8DcQx7TbM7g\" target=\"_blank\" rel=\"noopener\">\n\t\t\t\t\t\t<span class=\"elementor-screen-only\">Youtube<\/span>\n\t\t\t\t\t\t<i aria-hidden=\"true\" class=\"fab fa-youtube\"><\/i>\t\t\t\t\t<\/a>\n\t\t\t\t<\/span>\n\t\t\t\t\t<\/div>\n\t\t\t\t\t\t<\/div>\n\t\t\t\t<\/div>\n\t\t\t\t<div class=\"elementor-element elementor-element-329ea98 elementor-align-center elementor-widget elementor-widget-button\" data-id=\"329ea98\" data-element_type=\"widget\" data-e-type=\"widget\" data-widget_type=\"button.default\">\n\t\t\t\t<div class=\"elementor-widget-container\">\n\t\t\t\t\t\t\t\t\t<div class=\"elementor-button-wrapper\">\n\t\t\t\t\t<a class=\"elementor-button elementor-button-link elementor-size-md\" href=\"https:\/\/www.luna-skates.de\/\" target=\"_blank\" rel=\"noopener\">\n\t\t\t\t\t\t<span class=\"elementor-button-content-wrapper\">\n\t\t\t\t\t\t\t\t\t<span class=\"elementor-button-text\">https:\/\/www.luna-skates.de\/en\/<\/span>\n\t\t\t\t\t<\/span>\n\t\t\t\t\t<\/a>\n\t\t\t\t<\/div>\n\t\t\t\t\t\t\t\t<\/div>\n\t\t\t\t<\/div>\n\t\t\t\t\t<\/div>\n\t\t<\/div>\n\t\t\t\t<div class=\"elementor-column elementor-col-50 elementor-top-column elementor-element elementor-element-2942489\" data-id=\"2942489\" data-element_type=\"column\" data-e-type=\"column\">\n\t\t\t<div class=\"elementor-widget-wrap elementor-element-populated\">\n\t\t\t\t\t\t<div class=\"elementor-element elementor-element-d00460f elementor-widget elementor-widget-image\" data-id=\"d00460f\" data-element_type=\"widget\" data-e-type=\"widget\" data-widget_type=\"image.default\">\n\t\t\t\t<div class=\"elementor-widget-container\">\n\t\t\t\t\t\t\t\t\t\t\t\t\t\t\t<img fetchpriority=\"high\" decoding=\"async\" width=\"640\" height=\"800\" src=\"https:\/\/www.funsportwelt.de\/wp-content\/uploads\/2020\/03\/luna-skates-rollers-768x960.jpg\" class=\"attachment-medium_large size-medium_large wp-image-1923\" alt=\"\" srcset=\"https:\/\/www.funsportwelt.de\/wp-content\/uploads\/2020\/03\/luna-skates-rollers-768x960.jpg 768w, https:\/\/www.funsportwelt.de\/wp-content\/uploads\/2020\/03\/luna-skates-rollers-240x300.jpg 240w, https:\/\/www.funsportwelt.de\/wp-content\/uploads\/2020\/03\/luna-skates-rollers-819x1024.jpg 819w, https:\/\/www.funsportwelt.de\/wp-content\/uploads\/2020\/03\/luna-skates-rollers.jpg 1080w\" sizes=\"(max-width: 640px) 100vw, 640px\" \/>\t\t\t\t\t\t\t\t\t\t\t\t\t\t\t<\/div>\n\t\t\t\t<\/div>\n\t\t\t\t\t<\/div>\n\t\t<\/div>\n\t\t\t\t\t<\/div>\n\t\t<\/section>\n\t\t\t\t<\/div>\n\t\t","protected":false},"excerpt":{"rendered":"<p>fait \u00e0 la main en cuir de haute qualit\u00e9 Luna Skates : patins \u00e0 roulettes de haute qualit\u00e9 de Hambourg\/Allemagne LUNA SKATES est une marque renomm\u00e9e de Hambourg qui s&rsquo;est sp\u00e9cialis\u00e9e dans la fabrication de patins \u00e0 roulettes et d&rsquo;accessoires pour patins \u00e0 roulettes de haute qualit\u00e9. En combinant un design moderne, une finition de [&hellip;]<\/p>\n","protected":false},"author":14,"featured_media":0,"parent":0,"menu_order":0,"comment_status":"closed","ping_status":"closed","template":"elementor_header_footer","meta":{"footnotes":""},"class_list":["post-2013","page","type-page","status-publish","hentry"],"_links":{"self":[{"href":"https:\/\/www.funsportwelt.de\/fr\/wp-json\/wp\/v2\/pages\/2013","targetHints":{"allow":["GET"]}}],"collection":[{"href":"https:\/\/www.funsportwelt.de\/fr\/wp-json\/wp\/v2\/pages"}],"about":[{"href":"https:\/\/www.funsportwelt.de\/fr\/wp-json\/wp\/v2\/types\/page"}],"author":[{"embeddable":true,"href":"https:\/\/www.funsportwelt.de\/fr\/wp-json\/wp\/v2\/users\/14"}],"replies":[{"embeddable":true,"href":"https:\/\/www.funsportwelt.de\/fr\/wp-json\/wp\/v2\/comments?post=2013"}],"version-history":[{"count":14,"href":"https:\/\/www.funsportwelt.de\/fr\/wp-json\/wp\/v2\/pages\/2013\/revisions"}],"predecessor-version":[{"id":3056,"href":"https:\/\/www.funsportwelt.de\/fr\/wp-json\/wp\/v2\/pages\/2013\/revisions\/3056"}],"wp:attachment":[{"href":"https:\/\/www.funsportwelt.de\/fr\/wp-json\/wp\/v2\/media?parent=2013"}],"curies":[{"name":"wp","href":"https:\/\/api.w.org\/{rel}","templated":true}]}}